{"id":5390,"date":"2021-03-04T22:22:43","date_gmt":"2021-03-04T22:22:43","guid":{"rendered":"https:\/\/www.crup.pt\/universidade-de-evora\/"},"modified":"2022-12-13T18:59:31","modified_gmt":"2022-12-13T18:59:31","slug":"universidade-de-evora","status":"publish","type":"page","link":"https:\/\/www.crup.pt\/en\/universidade-de-evora\/","title":{"rendered":"University of \u00c9vora"},"content":{"rendered":"<p>[vc_row][vc_column][vc_single_image image=&#8221;4625&#8243; img_size=&#8221;full&#8221;][vc_empty_space height=&#8221;40px&#8221;][vc_row_inner css=&#8221;.vc_custom_1614883178859{background-color: #dd3333 !important;}&#8221;][vc_column_inner][vc_empty_space height=&#8221;5px&#8221;][\/vc_column_inner][\/vc_row_inner][vc_empty_space height=&#8221;40px&#8221;][vc_row_inner][vc_column_inner width=&#8221;1\/3&#8243;]<style type=\"text\/css\" data-type=\"the7_shortcodes-inline-css\">.icon-with-text-shortcode.icon-text-id-10e5df532929f5235786df3accfaf497 .text-icon {\n  width: 60px;\n  height: 60px;\n  line-height: 60px;\n  font-size: 32px;\n  border-radius: 200px;\n  margin: 0px 0px 0px 0px;\n}\n.icon-with-text-shortcode.icon-text-id-10e5df532929f5235786df3accfaf497 .text-icon .icon-inner {\n  min-width: 60px;\n  min-height: 60px;\n  border-radius: 200px;\n}\n@media all and (-ms-high-contrast: none) {\n  .icon-with-text-shortcode.icon-text-id-10e5df532929f5235786df3accfaf497 .text-icon .icon-inner {\n    height: 60px;\n  }\n}\n.icon-with-text-shortcode.icon-text-id-10e5df532929f5235786df3accfaf497 .text-icon .dt-hover-icon {\n  line-height: 60px;\n}\n.icon-with-text-shortcode.icon-text-id-10e5df532929f5235786df3accfaf497 .text-icon:before,\n.icon-with-text-shortcode.icon-text-id-10e5df532929f5235786df3accfaf497 .text-icon:after,\n.icon-with-text-shortcode.icon-text-id-10e5df532929f5235786df3accfaf497 .text-icon .icon-inner:before,\n.icon-with-text-shortcode.icon-text-id-10e5df532929f5235786df3accfaf497 .text-icon .icon-inner:after {\n  min-width: 100%;\n  min-height: 100%;\n  padding: inherit;\n  border-radius: inherit;\n}\n.icon-with-text-shortcode.icon-text-id-10e5df532929f5235786df3accfaf497 .text-icon.dt-icon-border-on:before {\n  border-width: 2px;\n  border-style: solid;\n}\n.dt-icon-border-dashed.icon-with-text-shortcode.icon-text-id-10e5df532929f5235786df3accfaf497 .text-icon.dt-icon-border-on:before {\n  border-style: dashed;\n}\n.dt-icon-border-dotted.icon-with-text-shortcode.icon-text-id-10e5df532929f5235786df3accfaf497 .text-icon.dt-icon-border-on:before {\n  border-style: dotted;\n}\n.dt-icon-border-double.icon-with-text-shortcode.icon-text-id-10e5df532929f5235786df3accfaf497 .text-icon.dt-icon-border-on:before {\n  border-style: double;\n}\n.icon-with-text-shortcode.icon-text-id-10e5df532929f5235786df3accfaf497 .text-icon.dt-icon-border-dashed.dt-icon-border-on:before {\n  border-style: dashed;\n}\n.icon-with-text-shortcode.icon-text-id-10e5df532929f5235786df3accfaf497 .text-icon.dt-icon-border-dotted.dt-icon-border-on:before {\n  border-style: dotted;\n}\n.icon-with-text-shortcode.icon-text-id-10e5df532929f5235786df3accfaf497 .text-icon.dt-icon-border-double.dt-icon-border-on:before {\n  border-style: double;\n}\n.icon-with-text-shortcode.icon-text-id-10e5df532929f5235786df3accfaf497 .text-icon.dt-icon-hover-border-on:after {\n  border-width: 2px;\n  border-style: solid;\n}\n.icon-with-text-shortcode.icon-text-id-10e5df532929f5235786df3accfaf497 .text-icon.dt-icon-border-dashed.dt-icon-hover-border-on:after {\n  border-style: dashed;\n}\n.icon-with-text-shortcode.icon-text-id-10e5df532929f5235786df3accfaf497 .text-icon.dt-icon-border-dotted.dt-icon-hover-border-on:after {\n  border-style: dotted;\n}\n.icon-with-text-shortcode.icon-text-id-10e5df532929f5235786df3accfaf497 .text-icon.dt-icon-border-double.dt-icon-hover-border-on:after {\n  border-style: double;\n}\n.icon-with-text-shortcode.icon-text-id-10e5df532929f5235786df3accfaf497 .text-icon.dt-icon-hover-on:hover {\n  font-size: 32px;\n}\n#page .icon-with-text-shortcode.icon-text-id-10e5df532929f5235786df3accfaf497 .text-icon.dt-icon-hover-on:hover .soc-font-icon,\n#phantom .icon-with-text-shortcode.icon-text-id-10e5df532929f5235786df3accfaf497 .text-icon.dt-icon-hover-on:hover .soc-font-icon,\n#page .icon-with-text-shortcode.icon-text-id-10e5df532929f5235786df3accfaf497 .text-icon.dt-icon-hover-on:hover .soc-icon,\n#phantom .icon-with-text-shortcode.icon-text-id-10e5df532929f5235786df3accfaf497 .text-icon.dt-icon-hover-on:hover .soc-icon {\n  color: #fff;\n  background: none;\n}\n#page .icon-with-text-shortcode.icon-text-id-10e5df532929f5235786df3accfaf497 .text-icon.dt-icon-hover-on:not(:hover) .soc-font-icon,\n#phantom .icon-with-text-shortcode.icon-text-id-10e5df532929f5235786df3accfaf497 .text-icon.dt-icon-hover-on:not(:hover) .soc-font-icon,\n#page .icon-with-text-shortcode.icon-text-id-10e5df532929f5235786df3accfaf497 .text-icon.dt-icon-hover-on:not(:hover) .soc-icon,\n#phantom .icon-with-text-shortcode.icon-text-id-10e5df532929f5235786df3accfaf497 .text-icon.dt-icon-hover-on:not(:hover) .soc-icon,\n#page .icon-with-text-shortcode.icon-text-id-10e5df532929f5235786df3accfaf497 .text-icon.dt-icon-hover-off .soc-font-icon,\n#phantom .icon-with-text-shortcode.icon-text-id-10e5df532929f5235786df3accfaf497 .text-icon.dt-icon-hover-off .soc-font-icon,\n#page .icon-with-text-shortcode.icon-text-id-10e5df532929f5235786df3accfaf497 .text-icon.dt-icon-hover-off .soc-icon,\n#phantom .icon-with-text-shortcode.icon-text-id-10e5df532929f5235786df3accfaf497 .text-icon.dt-icon-hover-off .soc-icon {\n  color: #dd3333;\n  background: none;\n}\n.icon-with-text-shortcode.icon-text-id-10e5df532929f5235786df3accfaf497.layout-1 {\n  grid-template-columns: 60px minmax(0,1fr);\n  grid-column-gap: 0px;\n}\n.icon-with-text-shortcode.icon-text-id-10e5df532929f5235786df3accfaf497.layout-2 {\n  grid-template-columns: minmax(0,1fr) 60px;\n  grid-column-gap: 0px;\n}\n.icon-with-text-shortcode.icon-text-id-10e5df532929f5235786df3accfaf497.layout-2 .text-icon {\n  margin-left: 0;\n}\n.icon-with-text-shortcode.icon-text-id-10e5df532929f5235786df3accfaf497.layout-3 {\n  grid-template-columns: 60px minmax(0,1fr);\n}\n.icon-with-text-shortcode.icon-text-id-10e5df532929f5235786df3accfaf497.layout-3 .dt-text-title {\n  margin-left: 0px;\n}\n.icon-with-text-shortcode.icon-text-id-10e5df532929f5235786df3accfaf497 .dt-text-title,\n.icon-with-text-shortcode.icon-text-id-10e5df532929f5235786df3accfaf497 .dt-text-title a {\n  font-weight: bold;\n}\n.icon-with-text-shortcode.icon-text-id-10e5df532929f5235786df3accfaf497 .dt-text-title {\n  margin-bottom: 0px;\n}\n.icon-with-text-shortcode.icon-text-id-10e5df532929f5235786df3accfaf497 .dt-text-desc {\n  margin-bottom: 0px;\n}\n<\/style><div class=\"icon-with-text-shortcode  icon-text-id-10e5df532929f5235786df3accfaf497 layout-1  \" ><span   class=\"text-icon dt-icon-bg-off dt-icon-hover-off\" ><span class=\"icon-inner\"><i class=\"dt-regular-icon soc-icon fas fa-synagogue\"><\/i><i class=\"dt-hover-icon soc-icon fas fa-synagogue\"><\/i><\/span><\/span><div class=\"dt-text-desc\">Universidade de \u00c9vora<br \/>\nLargo dos Colegiais 2,<br \/>\n7002-554 \u00c9vora<\/div><\/div>[\/vc_column_inner][vc_column_inner width=&#8221;1\/3&#8243;]<style type=\"text\/css\" data-type=\"the7_shortcodes-inline-css\">.icon-with-text-shortcode.icon-text-id-46c19322be5c667a7df35ad85daa08a4 .text-icon {\n  width: 60px;\n  height: 60px;\n  line-height: 60px;\n  font-size: 32px;\n  border-radius: 200px;\n  margin: 0px 0px 0px 0px;\n}\n.icon-with-text-shortcode.icon-text-id-46c19322be5c667a7df35ad85daa08a4 .text-icon .icon-inner {\n  min-width: 60px;\n  min-height: 60px;\n  border-radius: 200px;\n}\n@media all and (-ms-high-contrast: none) {\n  .icon-with-text-shortcode.icon-text-id-46c19322be5c667a7df35ad85daa08a4 .text-icon .icon-inner {\n    height: 60px;\n  }\n}\n.icon-with-text-shortcode.icon-text-id-46c19322be5c667a7df35ad85daa08a4 .text-icon .dt-hover-icon {\n  line-height: 60px;\n}\n.icon-with-text-shortcode.icon-text-id-46c19322be5c667a7df35ad85daa08a4 .text-icon:before,\n.icon-with-text-shortcode.icon-text-id-46c19322be5c667a7df35ad85daa08a4 .text-icon:after,\n.icon-with-text-shortcode.icon-text-id-46c19322be5c667a7df35ad85daa08a4 .text-icon .icon-inner:before,\n.icon-with-text-shortcode.icon-text-id-46c19322be5c667a7df35ad85daa08a4 .text-icon .icon-inner:after {\n  min-width: 100%;\n  min-height: 100%;\n  padding: inherit;\n  border-radius: inherit;\n}\n.icon-with-text-shortcode.icon-text-id-46c19322be5c667a7df35ad85daa08a4 .text-icon.dt-icon-border-on:before {\n  border-width: 2px;\n  border-style: solid;\n}\n.dt-icon-border-dashed.icon-with-text-shortcode.icon-text-id-46c19322be5c667a7df35ad85daa08a4 .text-icon.dt-icon-border-on:before {\n  border-style: dashed;\n}\n.dt-icon-border-dotted.icon-with-text-shortcode.icon-text-id-46c19322be5c667a7df35ad85daa08a4 .text-icon.dt-icon-border-on:before {\n  border-style: dotted;\n}\n.dt-icon-border-double.icon-with-text-shortcode.icon-text-id-46c19322be5c667a7df35ad85daa08a4 .text-icon.dt-icon-border-on:before {\n  border-style: double;\n}\n.icon-with-text-shortcode.icon-text-id-46c19322be5c667a7df35ad85daa08a4 .text-icon.dt-icon-border-dashed.dt-icon-border-on:before {\n  border-style: dashed;\n}\n.icon-with-text-shortcode.icon-text-id-46c19322be5c667a7df35ad85daa08a4 .text-icon.dt-icon-border-dotted.dt-icon-border-on:before {\n  border-style: dotted;\n}\n.icon-with-text-shortcode.icon-text-id-46c19322be5c667a7df35ad85daa08a4 .text-icon.dt-icon-border-double.dt-icon-border-on:before {\n  border-style: double;\n}\n.icon-with-text-shortcode.icon-text-id-46c19322be5c667a7df35ad85daa08a4 .text-icon.dt-icon-hover-border-on:after {\n  border-width: 2px;\n  border-style: solid;\n}\n.icon-with-text-shortcode.icon-text-id-46c19322be5c667a7df35ad85daa08a4 .text-icon.dt-icon-border-dashed.dt-icon-hover-border-on:after {\n  border-style: dashed;\n}\n.icon-with-text-shortcode.icon-text-id-46c19322be5c667a7df35ad85daa08a4 .text-icon.dt-icon-border-dotted.dt-icon-hover-border-on:after {\n  border-style: dotted;\n}\n.icon-with-text-shortcode.icon-text-id-46c19322be5c667a7df35ad85daa08a4 .text-icon.dt-icon-border-double.dt-icon-hover-border-on:after {\n  border-style: double;\n}\n.icon-with-text-shortcode.icon-text-id-46c19322be5c667a7df35ad85daa08a4 .text-icon.dt-icon-hover-on:hover {\n  font-size: 32px;\n}\n#page .icon-with-text-shortcode.icon-text-id-46c19322be5c667a7df35ad85daa08a4 .text-icon.dt-icon-hover-on:hover .soc-font-icon,\n#phantom .icon-with-text-shortcode.icon-text-id-46c19322be5c667a7df35ad85daa08a4 .text-icon.dt-icon-hover-on:hover .soc-font-icon,\n#page .icon-with-text-shortcode.icon-text-id-46c19322be5c667a7df35ad85daa08a4 .text-icon.dt-icon-hover-on:hover .soc-icon,\n#phantom .icon-with-text-shortcode.icon-text-id-46c19322be5c667a7df35ad85daa08a4 .text-icon.dt-icon-hover-on:hover .soc-icon {\n  color: #fff;\n  background: none;\n}\n#page .icon-with-text-shortcode.icon-text-id-46c19322be5c667a7df35ad85daa08a4 .text-icon.dt-icon-hover-on:not(:hover) .soc-font-icon,\n#phantom .icon-with-text-shortcode.icon-text-id-46c19322be5c667a7df35ad85daa08a4 .text-icon.dt-icon-hover-on:not(:hover) .soc-font-icon,\n#page .icon-with-text-shortcode.icon-text-id-46c19322be5c667a7df35ad85daa08a4 .text-icon.dt-icon-hover-on:not(:hover) .soc-icon,\n#phantom .icon-with-text-shortcode.icon-text-id-46c19322be5c667a7df35ad85daa08a4 .text-icon.dt-icon-hover-on:not(:hover) .soc-icon,\n#page .icon-with-text-shortcode.icon-text-id-46c19322be5c667a7df35ad85daa08a4 .text-icon.dt-icon-hover-off .soc-font-icon,\n#phantom .icon-with-text-shortcode.icon-text-id-46c19322be5c667a7df35ad85daa08a4 .text-icon.dt-icon-hover-off .soc-font-icon,\n#page .icon-with-text-shortcode.icon-text-id-46c19322be5c667a7df35ad85daa08a4 .text-icon.dt-icon-hover-off .soc-icon,\n#phantom .icon-with-text-shortcode.icon-text-id-46c19322be5c667a7df35ad85daa08a4 .text-icon.dt-icon-hover-off .soc-icon {\n  color: #dd3333;\n  background: none;\n}\n.icon-with-text-shortcode.icon-text-id-46c19322be5c667a7df35ad85daa08a4.layout-1 {\n  grid-template-columns: 60px minmax(0,1fr);\n  grid-column-gap: 0px;\n}\n.icon-with-text-shortcode.icon-text-id-46c19322be5c667a7df35ad85daa08a4.layout-2 {\n  grid-template-columns: minmax(0,1fr) 60px;\n  grid-column-gap: 0px;\n}\n.icon-with-text-shortcode.icon-text-id-46c19322be5c667a7df35ad85daa08a4.layout-2 .text-icon {\n  margin-left: 0;\n}\n.icon-with-text-shortcode.icon-text-id-46c19322be5c667a7df35ad85daa08a4.layout-3 {\n  grid-template-columns: 60px minmax(0,1fr);\n}\n.icon-with-text-shortcode.icon-text-id-46c19322be5c667a7df35ad85daa08a4.layout-3 .dt-text-title {\n  margin-left: 0px;\n}\n.icon-with-text-shortcode.icon-text-id-46c19322be5c667a7df35ad85daa08a4 .dt-text-title,\n.icon-with-text-shortcode.icon-text-id-46c19322be5c667a7df35ad85daa08a4 .dt-text-title a {\n  font-weight: bold;\n}\n.icon-with-text-shortcode.icon-text-id-46c19322be5c667a7df35ad85daa08a4 .dt-text-title {\n  margin-bottom: 0px;\n}\n.icon-with-text-shortcode.icon-text-id-46c19322be5c667a7df35ad85daa08a4 .dt-text-desc {\n  margin-bottom: 0px;\n}\n<\/style><div class=\"icon-with-text-shortcode  icon-text-id-46c19322be5c667a7df35ad85daa08a4 layout-1  \" ><span   class=\"text-icon dt-icon-bg-off dt-icon-hover-off\" ><span class=\"icon-inner\"><i class=\"dt-regular-icon soc-icon fas fa-phone-alt\"><\/i><i class=\"dt-hover-icon soc-icon fas fa-phone-alt\"><\/i><\/span><\/span><div class=\"dt-text-desc\">Tel: 266 740 800<br \/>\nFax:266 740 831<\/div><\/div>[\/vc_column_inner][vc_column_inner width=&#8221;1\/3&#8243;]<style type=\"text\/css\" data-type=\"the7_shortcodes-inline-css\">.icon-with-text-shortcode.icon-text-id-903d33f1dbf804ff7ee9cc72323fa5e4 .text-icon {\n  width: 60px;\n  height: 60px;\n  line-height: 60px;\n  font-size: 32px;\n  border-radius: 200px;\n  margin: 0px 0px 0px 0px;\n}\n.icon-with-text-shortcode.icon-text-id-903d33f1dbf804ff7ee9cc72323fa5e4 .text-icon .icon-inner {\n  min-width: 60px;\n  min-height: 60px;\n  border-radius: 200px;\n}\n@media all and (-ms-high-contrast: none) {\n  .icon-with-text-shortcode.icon-text-id-903d33f1dbf804ff7ee9cc72323fa5e4 .text-icon .icon-inner {\n    height: 60px;\n  }\n}\n.icon-with-text-shortcode.icon-text-id-903d33f1dbf804ff7ee9cc72323fa5e4 .text-icon .dt-hover-icon {\n  line-height: 60px;\n}\n.icon-with-text-shortcode.icon-text-id-903d33f1dbf804ff7ee9cc72323fa5e4 .text-icon:before,\n.icon-with-text-shortcode.icon-text-id-903d33f1dbf804ff7ee9cc72323fa5e4 .text-icon:after,\n.icon-with-text-shortcode.icon-text-id-903d33f1dbf804ff7ee9cc72323fa5e4 .text-icon .icon-inner:before,\n.icon-with-text-shortcode.icon-text-id-903d33f1dbf804ff7ee9cc72323fa5e4 .text-icon .icon-inner:after {\n  min-width: 100%;\n  min-height: 100%;\n  padding: inherit;\n  border-radius: inherit;\n}\n.icon-with-text-shortcode.icon-text-id-903d33f1dbf804ff7ee9cc72323fa5e4 .text-icon.dt-icon-border-on:before {\n  border-width: 2px;\n  border-style: solid;\n}\n.dt-icon-border-dashed.icon-with-text-shortcode.icon-text-id-903d33f1dbf804ff7ee9cc72323fa5e4 .text-icon.dt-icon-border-on:before {\n  border-style: dashed;\n}\n.dt-icon-border-dotted.icon-with-text-shortcode.icon-text-id-903d33f1dbf804ff7ee9cc72323fa5e4 .text-icon.dt-icon-border-on:before {\n  border-style: dotted;\n}\n.dt-icon-border-double.icon-with-text-shortcode.icon-text-id-903d33f1dbf804ff7ee9cc72323fa5e4 .text-icon.dt-icon-border-on:before {\n  border-style: double;\n}\n.icon-with-text-shortcode.icon-text-id-903d33f1dbf804ff7ee9cc72323fa5e4 .text-icon.dt-icon-border-dashed.dt-icon-border-on:before {\n  border-style: dashed;\n}\n.icon-with-text-shortcode.icon-text-id-903d33f1dbf804ff7ee9cc72323fa5e4 .text-icon.dt-icon-border-dotted.dt-icon-border-on:before {\n  border-style: dotted;\n}\n.icon-with-text-shortcode.icon-text-id-903d33f1dbf804ff7ee9cc72323fa5e4 .text-icon.dt-icon-border-double.dt-icon-border-on:before {\n  border-style: double;\n}\n.icon-with-text-shortcode.icon-text-id-903d33f1dbf804ff7ee9cc72323fa5e4 .text-icon.dt-icon-hover-border-on:after {\n  border-width: 2px;\n  border-style: solid;\n}\n.icon-with-text-shortcode.icon-text-id-903d33f1dbf804ff7ee9cc72323fa5e4 .text-icon.dt-icon-border-dashed.dt-icon-hover-border-on:after {\n  border-style: dashed;\n}\n.icon-with-text-shortcode.icon-text-id-903d33f1dbf804ff7ee9cc72323fa5e4 .text-icon.dt-icon-border-dotted.dt-icon-hover-border-on:after {\n  border-style: dotted;\n}\n.icon-with-text-shortcode.icon-text-id-903d33f1dbf804ff7ee9cc72323fa5e4 .text-icon.dt-icon-border-double.dt-icon-hover-border-on:after {\n  border-style: double;\n}\n.icon-with-text-shortcode.icon-text-id-903d33f1dbf804ff7ee9cc72323fa5e4 .text-icon.dt-icon-hover-on:hover {\n  font-size: 32px;\n}\n#page .icon-with-text-shortcode.icon-text-id-903d33f1dbf804ff7ee9cc72323fa5e4 .text-icon.dt-icon-hover-on:hover .soc-font-icon,\n#phantom .icon-with-text-shortcode.icon-text-id-903d33f1dbf804ff7ee9cc72323fa5e4 .text-icon.dt-icon-hover-on:hover .soc-font-icon,\n#page .icon-with-text-shortcode.icon-text-id-903d33f1dbf804ff7ee9cc72323fa5e4 .text-icon.dt-icon-hover-on:hover .soc-icon,\n#phantom .icon-with-text-shortcode.icon-text-id-903d33f1dbf804ff7ee9cc72323fa5e4 .text-icon.dt-icon-hover-on:hover .soc-icon {\n  color: #fff;\n  background: none;\n}\n#page .icon-with-text-shortcode.icon-text-id-903d33f1dbf804ff7ee9cc72323fa5e4 .text-icon.dt-icon-hover-on:not(:hover) .soc-font-icon,\n#phantom .icon-with-text-shortcode.icon-text-id-903d33f1dbf804ff7ee9cc72323fa5e4 .text-icon.dt-icon-hover-on:not(:hover) .soc-font-icon,\n#page .icon-with-text-shortcode.icon-text-id-903d33f1dbf804ff7ee9cc72323fa5e4 .text-icon.dt-icon-hover-on:not(:hover) .soc-icon,\n#phantom .icon-with-text-shortcode.icon-text-id-903d33f1dbf804ff7ee9cc72323fa5e4 .text-icon.dt-icon-hover-on:not(:hover) .soc-icon,\n#page .icon-with-text-shortcode.icon-text-id-903d33f1dbf804ff7ee9cc72323fa5e4 .text-icon.dt-icon-hover-off .soc-font-icon,\n#phantom .icon-with-text-shortcode.icon-text-id-903d33f1dbf804ff7ee9cc72323fa5e4 .text-icon.dt-icon-hover-off .soc-font-icon,\n#page .icon-with-text-shortcode.icon-text-id-903d33f1dbf804ff7ee9cc72323fa5e4 .text-icon.dt-icon-hover-off .soc-icon,\n#phantom .icon-with-text-shortcode.icon-text-id-903d33f1dbf804ff7ee9cc72323fa5e4 .text-icon.dt-icon-hover-off .soc-icon {\n  color: #dd3333;\n  background: none;\n}\n.icon-with-text-shortcode.icon-text-id-903d33f1dbf804ff7ee9cc72323fa5e4.layout-1 {\n  grid-template-columns: 60px minmax(0,1fr);\n  grid-column-gap: 0px;\n}\n.icon-with-text-shortcode.icon-text-id-903d33f1dbf804ff7ee9cc72323fa5e4.layout-2 {\n  grid-template-columns: minmax(0,1fr) 60px;\n  grid-column-gap: 0px;\n}\n.icon-with-text-shortcode.icon-text-id-903d33f1dbf804ff7ee9cc72323fa5e4.layout-2 .text-icon {\n  margin-left: 0;\n}\n.icon-with-text-shortcode.icon-text-id-903d33f1dbf804ff7ee9cc72323fa5e4.layout-3 {\n  grid-template-columns: 60px minmax(0,1fr);\n}\n.icon-with-text-shortcode.icon-text-id-903d33f1dbf804ff7ee9cc72323fa5e4.layout-3 .dt-text-title {\n  margin-left: 0px;\n}\n.icon-with-text-shortcode.icon-text-id-903d33f1dbf804ff7ee9cc72323fa5e4 .dt-text-title,\n.icon-with-text-shortcode.icon-text-id-903d33f1dbf804ff7ee9cc72323fa5e4 .dt-text-title a {\n  font-weight: bold;\n}\n.icon-with-text-shortcode.icon-text-id-903d33f1dbf804ff7ee9cc72323fa5e4 .dt-text-title {\n  margin-bottom: 0px;\n}\n.icon-with-text-shortcode.icon-text-id-903d33f1dbf804ff7ee9cc72323fa5e4 .dt-text-desc {\n  margin-bottom: 0px;\n}\n<\/style><div class=\"icon-with-text-shortcode  icon-text-id-903d33f1dbf804ff7ee9cc72323fa5e4 layout-1  \" ><span   class=\"text-icon dt-icon-bg-off dt-icon-hover-off\" ><span class=\"icon-inner\"><i class=\"dt-regular-icon soc-icon fas fa-desktop\"><\/i><i class=\"dt-hover-icon soc-icon fas fa-desktop\"><\/i><\/span><\/span><div class=\"dt-text-desc\">uevora@uevora.pt<br \/>\nwww.uevora.pt<\/div><\/div>[\/vc_column_inner][\/vc_row_inner][vc_empty_space height=&#8221;40px&#8221;][vc_row_inner css=&#8221;.vc_custom_1614883178859{background-color: #dd3333 !important;}&#8221;][vc_column_inner][vc_empty_space height=&#8221;5px&#8221;][\/vc_column_inner][\/vc_row_inner][\/vc_column][\/vc_row][vc_row][vc_column][vc_empty_space height=&#8221;40px&#8221;][vc_column_text]The University of \u00c9vora was founded by Cardinal D. Henrique (1512-1580). The construction of the Col\u00e9gio do Esp\u00edrito Santo, the institution&#8217;s parent building, started between 1551 and 1553, being authorized to operate as a university by Paul IV&#8217;s Bull, Cum a Nobis (April 15, 1559).<\/p>\n<p>Entrusted for two hundred years to the Society of Jesus (1559-1759), it would educate the elite of the missionaries who evangelized many and &#8216;wild&#8217; lands and people of the Portuguese Overseas Empire (16th to 18th centuries).<\/p>\n<p>The pedagogical vocation of the old cloisters persisted even after 1759, when the Marquis of Pombal, having expelled the Jesuits, ceased the education promoted by them in \u00c9vora. In fact, the pedagogical innovations of the various regimes would pass through these premises: the Royal Professors of the Pombaline Reform (1762); the reformed Third Order of St. Francis (1776-1816). During liberalism, the Real Casa Pia (1836), the Liceu Nacional (1841-1979), and the Escola Comercial e Industrial (1914) were established here; institutions that contributed to the education and culture of many generations of young people. The University reopened in 1973, as part of the Veiga Sim\u00e3o Reform.[\/vc_column_text][\/vc_column][\/vc_row][vc_row][vc_column][vc_empty_space height=&#8221;80px&#8221;][vc_single_image image=&#8221;5610&#8243; img_size=&#8221;full&#8221;][vc_empty_space height=&#8221;40px&#8221;][vc_column_text]<\/p>\n<h4>Rector&#8217;s Message<\/h4>\n<p>[\/vc_column_text][vc_empty_space height=&#8221;20px&#8221;][vc_column_text]<\/p>\n<div class=\"wpb_text_column wpb_content_element \">\n<div class=\"wpb_wrapper\">\n<p>Founded in 1559, the University of \u00c9vora is the second oldest Portuguese university.<\/p>\n<p>Organized in 5 Schools: Sciences and Technologies, Social Sciences, Health and Human Development, Arts, Nursing and a Doctoral School- Institute of Research and Advanced Training, the University of \u00c9vora offers a diversified and recognized education in different areas.<\/p>\n<p>Our campus is intertwined with the city of \u00c9vora, where most of the physical structures of the University are located, and is completed by the campuses of Mitra, Sines and Estremoz, providing its students a privileged educational and research environment and a culture of proximity.<\/p>\n<p>Aware of the challenges that lie ahead in the near future, the University of Evora rewards and encourages creativity, the crossover of education, and the interdisciplinarity of knowledge. Its central objective is to prepare its students for change, equipping them with the necessary skills to face the challenges of integration into the workplace.<\/p>\n<p>With a strong community of international students from different countries, we are sure that the future will be shaped by the consolidation and strengthening of the internationalization of our training and research without neglecting the commitment we have to the region in which we are located.<\/p>\n<p>Our researchers are integrated in multiple networks and international and national projects, in professorships that develop innovative research in different areas, with an emphasis on biodiversity, climate change, renewable energy and supercomputing.<\/p>\n<p>Through the Alentejo Science and Technology Park, we support entrepreneurship, privilege the connection with businesses and boost the development of our region.<\/p>\n<p>All this supoorted by continuous work in creating a sustainable, healthy and inclusive University for all those who study, teach, research and work in it.<\/p>\n<p><strong>Ph. D. Herm\u00ednia Vasconcelos Vilar<\/strong><\/p>\n<\/div>\n<\/div>\n<p>[\/vc_column_text][\/vc_column][\/vc_row]<\/p>\n","protected":false},"excerpt":{"rendered":"<p>[vc_row][vc_column][vc_single_image image=&#8221;4625&#8243; img_size=&#8221;full&#8221;][vc_empty_space height=&#8221;40px&#8221;][vc_row_inner css=&#8221;.vc_custom_1614883178859{background-color: #dd3333 !important;}&#8221;][vc_column_inner][vc_empty_space height=&#8221;5px&#8221;][\/vc_column_inner][\/vc_row_inner][vc_empty_space height=&#8221;40px&#8221;][vc_row_inner][vc_column_inner width=&#8221;1\/3&#8243;][\/vc_column_inner][vc_column_inner width=&#8221;1\/3&#8243;][\/vc_column_inner][vc_column_inner width=&#8221;1\/3&#8243;][\/vc_column_inner][\/vc_row_inner][vc_empty_space height=&#8221;40px&#8221;][vc_row_inner css=&#8221;.vc_custom_1614883178859{background-color: #dd3333 !important;}&#8221;][vc_column_inner][vc_empty_space height=&#8221;5px&#8221;][\/vc_column_inner][\/vc_row_inner][\/vc_column][\/vc_row][vc_row][vc_column][vc_empty_space height=&#8221;40px&#8221;][vc_column_text]The University of \u00c9vora was founded by Cardinal D. Henrique (1512-1580). The construction of the Col\u00e9gio do Esp\u00edrito Santo, the institution&#8217;s parent building, started between 1551 and 1553, being authorized to operate as a university by Paul IV&#8217;s&hellip;<\/p>\n","protected":false},"author":1,"featured_media":0,"parent":0,"menu_order":0,"comment_status":"closed","ping_status":"closed","template":"","meta":[],"_links":{"self":[{"href":"https:\/\/www.crup.pt\/en\/wp-json\/wp\/v2\/pages\/5390"}],"collection":[{"href":"https:\/\/www.crup.pt\/en\/wp-json\/wp\/v2\/pages"}],"about":[{"href":"https:\/\/www.crup.pt\/en\/wp-json\/wp\/v2\/types\/page"}],"author":[{"embeddable":true,"href":"https:\/\/www.crup.pt\/en\/wp-json\/wp\/v2\/users\/1"}],"replies":[{"embeddable":true,"href":"https:\/\/www.crup.pt\/en\/wp-json\/wp\/v2\/comments?post=5390"}],"version-history":[{"count":8,"href":"https:\/\/www.crup.pt\/en\/wp-json\/wp\/v2\/pages\/5390\/revisions"}],"predecessor-version":[{"id":5758,"href":"https:\/\/www.crup.pt\/en\/wp-json\/wp\/v2\/pages\/5390\/revisions\/5758"}],"wp:attachment":[{"href":"https:\/\/www.crup.pt\/en\/wp-json\/wp\/v2\/media?parent=5390"}],"curies":[{"name":"wp","href":"https:\/\/api.w.org\/{rel}","templated":true}]}}